{"id":90,"date":"2024-01-28T19:20:03","date_gmt":"2024-01-28T18:20:03","guid":{"rendered":"https:\/\/naturobloom.fr\/?page_id=90"},"modified":"2024-02-01T11:28:49","modified_gmt":"2024-02-01T10:28:49","slug":"home","status":"publish","type":"page","link":"https:\/\/naturobloom.fr\/","title":{"rendered":""},"content":{"rendered":"\n<h4 class=\"wp-block-heading\"><strong>Bienvenue !<\/strong><br><br><\/h4>\n\n\n\n<p><\/p>\n\n\n\n<h1 class=\"wp-block-heading alignwide\" id=\"aurelie\" style=\"font-size:48px;line-height:1.1\">Qui suis-je&#8230;?<\/h1>\n\n\n\n<p>Je m\u2019appelle Aur\u00e9lie.<\/p>\n\n\n\n<p>Passionn\u00e9e depuis toujours par la sant\u00e9, c\u2019est naturellement que j\u2019en ai fait mon m\u00e9tier en devenant docteur en pharmacie apr\u00e8s le lyc\u00e9e.<\/p>\n\n\n\n<p>Apr\u00e8s plus de 15 ans \u00e0 diff\u00e9rents postes passionnants dans l\u2019industrie pharmaceutique, j\u2019ai d\u00e9cid\u00e9 de revenir \u00e0 ma vocation initiale. Je choisis de consid\u00e9rer une approche globale et d\u2019approfondir les premi\u00e8res connaissances en naturopathie que j\u2019ai acquises durant les confinements. Je me forme \u00e0 l\u2019Ecole Synergie Naturopathie et deviens praticien en naturopathie holistique. Entre modules th\u00e9oriques et stages, je red\u00e9couvre la richesse de notre corps et les moyens naturels de le soutenir afin qu\u2019il reste en bonne sant\u00e9\u2026 ou la retrouve plus facilement.<\/p>\n\n\n\n<p>Fascin\u00e9e par le cycle f\u00e9minin, je d\u00e9cide d\u2019en faire ma sp\u00e9cialit\u00e9 pour vous accompagner dans le SOPK, l\u2019endom\u00e9triose, les troubles du cycle f\u00e9minins et le soutien \u00e0 la fertilit\u00e9 (naturelle ou en parcours PMA), pour aider chacune \u00e0 mieux conna\u00eetre son corps, son cycle et retrouver son pouvoir.<\/p>\n\n\n\n<p>Pour mieux vous accompagner, je retourne cette ann\u00e9e sur les bancs (virtuels) de la facult\u00e9 de pharmacie de Grenoble pour me former en physionutrition clinique et biologique via un DU d\u00e9di\u00e9. La physionutrition est une d\u00e9marche de soins int\u00e9grative pour la pr\u00e9vention et l\u2019accompagnement des pathologies \u00e0 composantes nutritionnelles, qui repose sur des \u00e9tudes scientifiques.<\/p>\n\n\n\n<p><br><\/p>\n\n\n\n<h3 class=\"wp-block-heading alignwide\" id=\"email\" style=\"font-size:48px;line-height:1.1\">Contact<\/h3>\n\n\n\n<p>N\u2019h\u00e9sitez \u00e0 me contacter \u00e0  <a href=\"mailto:aurelie@naturobloom.fr\" title=\"\">aur\u00e9lie@naturobloom.fr<\/a>  pour en savoir plus sur mon approche et comment je peux vous aider \u00e0 mieux vivre votre cycle et votre fertilit\u00e9 !<br><br><br><br><\/p>\n","protected":false},"excerpt":{"rendered":"<p>Bienvenue ! Qui suis-je&#8230;? Je m\u2019appelle Aur\u00e9lie. Passionn\u00e9e depuis toujours par la sant\u00e9, c\u2019est naturellement que j\u2019en ai fait mon m\u00e9tier en devenant docteur en pharmacie apr\u00e8s le lyc\u00e9e. Apr\u00e8s plus de 15 ans \u00e0 diff\u00e9rents postes passionnants dans l\u2019industrie pharmaceutique, j\u2019ai d\u00e9cid\u00e9 de revenir \u00e0 ma vocation initiale. Je [&hellip;]<\/p>\n","protected":false},"author":1,"featured_media":140,"parent":0,"menu_order":0,"comment_status":"closed","ping_status":"closed","template":"","meta":{"om_disable_all_campaigns":false,"_monsterinsights_skip_tracking":false,"_monsterinsights_sitenote_active":false,"_monsterinsights_sitenote_note":"","_monsterinsights_sitenote_category":0,"footnotes":""},"aioseo_notices":[],"_links":{"self":[{"href":"https:\/\/naturobloom.fr\/index.php\/wp-json\/wp\/v2\/pages\/90"}],"collection":[{"href":"https:\/\/naturobloom.fr\/index.php\/wp-json\/wp\/v2\/pages"}],"about":[{"href":"https:\/\/naturobloom.fr\/index.php\/wp-json\/wp\/v2\/types\/page"}],"author":[{"embeddable":true,"href":"https:\/\/naturobloom.fr\/index.php\/wp-json\/wp\/v2\/users\/1"}],"replies":[{"embeddable":true,"href":"https:\/\/naturobloom.fr\/index.php\/wp-json\/wp\/v2\/comments?post=90"}],"version-history":[{"count":19,"href":"https:\/\/naturobloom.fr\/index.php\/wp-json\/wp\/v2\/pages\/90\/revisions"}],"predecessor-version":[{"id":142,"href":"https:\/\/naturobloom.fr\/index.php\/wp-json\/wp\/v2\/pages\/90\/revisions\/142"}],"wp:featuredmedia":[{"embeddable":true,"href":"https:\/\/naturobloom.fr\/index.php\/wp-json\/wp\/v2\/media\/140"}],"wp:attachment":[{"href":"https:\/\/naturobloom.fr\/index.php\/wp-json\/wp\/v2\/media?parent=90"}],"curies":[{"name":"wp","href":"https:\/\/api.w.org\/{rel}","templated":true}]}}